{"id":201,"date":"2019-06-07T05:35:23","date_gmt":"2019-06-07T05:35:23","guid":{"rendered":"https:\/\/golixweb.mi-dataservice.de\/?page_id=201"},"modified":"2019-06-14T09:40:38","modified_gmt":"2019-06-14T09:40:38","slug":"impressum","status":"publish","type":"page","link":"https:\/\/golixweb.mi-dataservice.de\/?page_id=201","title":{"rendered":"Impressum"},"content":{"rendered":"\n<div class=\"imp\">\nGoLi-X GmbH\n<br>\nRicardastra\u00dfe 2\n<br>\nD-50181 Bedburg\n<br>\nGermany\n<br><br>\nTel: +49 2272 9786 285\n<br>\nFax: +49 2272 9786 284\n<br>\nE-Mail: service@goli-x.com\n<br>\n<br>\n\n \n\nGesch\u00e4ftsf\u00fchrer: Kai L\u00f6ffler\n<br>\nVerantwortlich f\u00fcr die Inhalte nach \u00a755 II RStV: Kai L\u00f6ffler\n<br>\nAmtsgericht K\u00f6ln HRB K\u00f6ln 82815\n<br>\nUmsatzsteueridentnummer: DE297700263\n<\/div>\n","protected":false},"excerpt":{"rendered":"<p>GoLi-X GmbH Ricardastra\u00dfe 2 D-50181 Bedburg Germany Tel: +49 2272 9786 285 Fax: +49 2272 9786 284 E-Mail: service@goli-x.com Gesch\u00e4ftsf\u00fchrer: Kai L\u00f6ffler&#8230;<\/p>\n","protected":false},"author":1,"featured_media":0,"parent":0,"menu_order":30,"comment_status":"closed","ping_status":"closed","template":"","meta":{"footnotes":""},"class_list":["post-201","page","type-page","status-publish","hentry"],"_links":{"self":[{"href":"https:\/\/golixweb.mi-dataservice.de\/index.php?rest_route=\/wp\/v2\/pages\/201"}],"collection":[{"href":"https:\/\/golixweb.mi-dataservice.de\/index.php?rest_route=\/wp\/v2\/pages"}],"about":[{"href":"https:\/\/golixweb.mi-dataservice.de\/index.php?rest_route=\/wp\/v2\/types\/page"}],"author":[{"embeddable":true,"href":"https:\/\/golixweb.mi-dataservice.de\/index.php?rest_route=\/wp\/v2\/users\/1"}],"replies":[{"embeddable":true,"href":"https:\/\/golixweb.mi-dataservice.de\/index.php?rest_route=%2Fwp%2Fv2%2Fcomments&post=201"}],"version-history":[{"count":9,"href":"https:\/\/golixweb.mi-dataservice.de\/index.php?rest_route=\/wp\/v2\/pages\/201\/revisions"}],"predecessor-version":[{"id":270,"href":"https:\/\/golixweb.mi-dataservice.de\/index.php?rest_route=\/wp\/v2\/pages\/201\/revisions\/270"}],"wp:attachment":[{"href":"https:\/\/golixweb.mi-dataservice.de\/index.php?rest_route=%2Fwp%2Fv2%2Fmedia&parent=201"}],"curies":[{"name":"wp","href":"https:\/\/api.w.org\/{rel}","templated":true}]}}